{"id":1759,"date":"2021-07-19T09:09:54","date_gmt":"2021-07-19T07:09:54","guid":{"rendered":"https:\/\/decoland.es\/product\/iglu-fur-katzen\/"},"modified":"2026-02-05T04:13:47","modified_gmt":"2026-02-05T02:13:47","slug":"iglu-fur-katzen","status":"publish","type":"product","link":"https:\/\/decoland.es\/de\/produkt\/iglu-fur-katzen\/","title":{"rendered":"Iglu f\u00fcr Katzen"},"content":{"rendered":"<h2 style=\"text-align: left;\"><span style=\"color: #808080;\">Iglu f\u00fcr Katzen von Decoland mit schmutzabweisenden Aquaclean-Stoffen<\/span><\/h2>\n<p style=\"text-align: left;\"><a href=\"https:\/\/decoland.es\/wp-content\/uploads\/2021\/07\/iglu-para-gatos.jpg\" target=\"_blank\" rel=\"noopener\"><img fetchpriority=\"high\" decoding=\"async\" class=\" wp-image-828 alignleft\" src=\"https:\/\/decoland.es\/wp-content\/uploads\/2021\/07\/iglu-para-gatos-300x300.jpg\" alt=\"igl\u00fa para gatos\" width=\"338\" height=\"338\" srcset=\"https:\/\/decoland.es\/wp-content\/uploads\/2021\/07\/iglu-para-gatos-300x300.jpg 300w, https:\/\/decoland.es\/wp-content\/uploads\/2021\/07\/iglu-para-gatos-1024x1024.jpg 1024w, https:\/\/decoland.es\/wp-content\/uploads\/2021\/07\/iglu-para-gatos-150x150.jpg 150w, https:\/\/decoland.es\/wp-content\/uploads\/2021\/07\/iglu-para-gatos-768x768.jpg 768w, https:\/\/decoland.es\/wp-content\/uploads\/2021\/07\/iglu-para-gatos-100x100.jpg 100w, https:\/\/decoland.es\/wp-content\/uploads\/2021\/07\/iglu-para-gatos-937x937.jpg 937w, https:\/\/decoland.es\/wp-content\/uploads\/2021\/07\/iglu-para-gatos.jpg 1080w\" sizes=\"(max-width: 338px) 100vw, 338px\" \/><\/a><\/p>\n<p>Mit unserem <strong>Iglu f\u00fcr Katzen von Decoland<\/strong> werden Sie sich nicht mehr fragen m\u00fcssen, wo sich Ihre Katze gerade aufh\u00e4lt, sie wird gar nicht mehr aus ihrem Iglu herauskommen wollen!<\/p>\n<p>Hergestellt mit <strong>schmutzabweisenden Aquaclean-Stoffen<\/strong>. Sie k\u00f6nnen Flecken, die durch den t\u00e4glichen Gebrauch dieser Katzenh\u00f6hle entstanden sind, einfach mit einem sauberen Tuch und Wasser entfernen \u2014 so einfach ist das! Dar\u00fcber hinaus enthalten unsere Iglus die <strong>Safe Front-Behandlung<\/strong>, welche die Vermehrung von Bakterien und Milben verhindert. Das gibt Ihnen die Gewissheit, dass Ihr Haustier an seinem Lieblingsplatz im Haus gesund und gesch\u00fctzt ist. Mehr \u00fcber unsere Stoffe k\u00f6nnen Sie unter <a href=\"https:\/\/www.aquaclean.com\/es\" target=\"_blank\" rel=\"noopener\">diesem Link<\/a> lesen.<\/p>\n<p>Unsere Produkte werden von Tierliebhabern entworfen, die an jedes Detail denken, um den gr\u00f6\u00dftm\u00f6glichen Komfort zu gew\u00e4hrleisten. Diese Katzenh\u00f6hle ist die beste Wahl, wenn Sie eine Katze oder ein kleines Haustier haben, das R\u00fcckzugsr\u00e4ume liebt.<strong>\u00a0Der Eingang hat die perfekte Gr\u00f6\u00dfe<\/strong>, um den Durchgang zu erm\u00f6glichen und gleichzeitig die Privatsph\u00e4re zu wahren, die Ihre Katze im Inneren sucht.<a href=\"https:\/\/decoland.es\/wp-content\/uploads\/2021\/07\/cueva-para-gatos.jpg\" target=\"_blank\" rel=\"noopener\"><img decoding=\"async\" class=\" wp-image-830 alignright\" src=\"https:\/\/decoland.es\/wp-content\/uploads\/2021\/07\/cueva-para-gatos-300x300.jpg\" alt=\"casita gato\" width=\"352\" height=\"352\" srcset=\"https:\/\/decoland.es\/wp-content\/uploads\/2021\/07\/cueva-para-gatos-300x300.jpg 300w, https:\/\/decoland.es\/wp-content\/uploads\/2021\/07\/cueva-para-gatos-1024x1024.jpg 1024w, https:\/\/decoland.es\/wp-content\/uploads\/2021\/07\/cueva-para-gatos-150x150.jpg 150w, https:\/\/decoland.es\/wp-content\/uploads\/2021\/07\/cueva-para-gatos-768x768.jpg 768w, https:\/\/decoland.es\/wp-content\/uploads\/2021\/07\/cueva-para-gatos-100x100.jpg 100w, https:\/\/decoland.es\/wp-content\/uploads\/2021\/07\/cueva-para-gatos-937x937.jpg 937w, https:\/\/decoland.es\/wp-content\/uploads\/2021\/07\/cueva-para-gatos.jpg 1080w\" sizes=\"(max-width: 352px) 100vw, 352px\" \/><\/a><\/p>\n<p>Die Polsterung des <strong>Kissens besteht zu 100% aus Polyester<\/strong> und ist aus robustem Stoff gefertigt, um ein Einrei\u00dfen der Krallen Ihrer Katze zu verhindern. Es handelt sich au\u00dferdem um ein abnehmbares Kissen, das Sie bei Bedarf herausnehmen k\u00f6nnen, um Flecken oder Haare Ihres Haustieres zu entfernen.<\/p>\n<p>Unser Iglu f\u00fcr Katzen hat einen Griff an der Oberseite, so dass Sie es leicht bewegen k\u00f6nnen, und der Stoff am Boden ist rutschfest, um unerwartete Unf\u00e4lle w\u00e4hrend der Benutzung zu vermeiden.<\/p>\n<p>Wenn Sie mit Ihrer Katze spazieren gehen m\u00f6chten, werfen Sie einen Blick auf unsere\u00a0<a href=\"https:\/\/camasperro.de\/produkt\/tragetasche-fuer-hunde\/\" target=\"_blank\" rel=\"noopener\">Tragetasche<\/a>.<\/p>\n<p>&nbsp;<\/p>\n<p>&nbsp;<\/p>\n","protected":false},"excerpt":{"rendered":"<p>Iglu f\u00fcr Katzen mit schmutzabweisendem Aquaclean-Stoff und Safe Front-Behandlung gegen Bakterien und Milben.<\/p>\n<p>Abziehbares Kissen f\u00fcr eine einfache Reinigung. Sie k\u00f6nnen alle Haare, die Ihr Haustier verliert, m\u00fchelos mit einer herk\u00f6mmlichen B\u00fcrste oder einer Kleberolle entfernen.<\/p>\n<p>Mit oberem Griff f\u00fcr einfachen Transport und rutschfestem Boden, um Unf\u00e4lle durch Verrutschen w\u00e4hrend des Gebrauchs zu vermeiden.<\/p>\n<p>&nbsp;<\/p>\n","protected":false},"featured_media":1469,"comment_status":"open","ping_status":"closed","template":"","meta":[],"product_brand":[],"product_cat":[],"product_tag":[144,145,143,146],"class_list":{"0":"post-1759","1":"product","2":"type-product","3":"status-publish","4":"has-post-thumbnail","6":"product_tag-cat-cave","7":"product_tag-katze","8":"product_tag-katzen-iglu","9":"product_tag-katzenhaus","11":"first","12":"instock","13":"sale","14":"taxable","15":"shipping-taxable","16":"purchasable","17":"product-type-variable","18":"has-default-attributes","19":"layout-style-1","20":"col-md-4 col-sm-4 col-xs-6","21":"col-lg-4","22":"product-has-gallery","23":"product-style-default"},"_links":{"self":[{"href":"https:\/\/decoland.es\/de\/wp-json\/wp\/v2\/product\/1759","targetHints":{"allow":["GET"]}}],"collection":[{"href":"https:\/\/decoland.es\/de\/wp-json\/wp\/v2\/product"}],"about":[{"href":"https:\/\/decoland.es\/de\/wp-json\/wp\/v2\/types\/product"}],"replies":[{"embeddable":true,"href":"https:\/\/decoland.es\/de\/wp-json\/wp\/v2\/comments?post=1759"}],"wp:featuredmedia":[{"embeddable":true,"href":"https:\/\/decoland.es\/de\/wp-json\/wp\/v2\/media\/1469"}],"wp:attachment":[{"href":"https:\/\/decoland.es\/de\/wp-json\/wp\/v2\/media?parent=1759"}],"wp:term":[{"taxonomy":"product_brand","embeddable":true,"href":"https:\/\/decoland.es\/de\/wp-json\/wp\/v2\/product_brand?post=1759"},{"taxonomy":"product_cat","embeddable":true,"href":"https:\/\/decoland.es\/de\/wp-json\/wp\/v2\/product_cat?post=1759"},{"taxonomy":"product_tag","embeddable":true,"href":"https:\/\/decoland.es\/de\/wp-json\/wp\/v2\/product_tag?post=1759"}],"curies":[{"name":"wp","href":"https:\/\/api.w.org\/{rel}","templated":true}]}}