{"id":1781,"date":"2021-07-19T08:07:20","date_gmt":"2021-07-19T06:07:20","guid":{"rendered":"https:\/\/decoland.es\/product\/hundetransporttasche\/"},"modified":"2023-12-14T20:19:52","modified_gmt":"2023-12-14T18:19:52","slug":"hundetransporttasche","status":"publish","type":"product","link":"https:\/\/decoland.es\/de\/produkt\/hundetransporttasche\/","title":{"rendered":"Hundetragetasche"},"content":{"rendered":"<h2 style=\"text-align: left;\">Nehmen Sie Ihren Hund mit dieser Tragetasche f\u00fcr Hunde \u00fcberall hin mit<\/h2>\n<p style=\"text-align: left;\"><a href=\"https:\/\/decoland.es\/wp-content\/uploads\/2021\/07\/bolso-perro.jpg\" target=\"_blank\" rel=\"noopener\"><img fetchpriority=\"high\" decoding=\"async\" class=\" wp-image-812 alignleft\" src=\"https:\/\/decoland.es\/wp-content\/uploads\/2021\/07\/bolso-perro-300x300.jpg\" alt=\"bolso perro peque\u00f1o\" width=\"350\" height=\"350\" srcset=\"https:\/\/decoland.es\/wp-content\/uploads\/2021\/07\/bolso-perro-300x300.jpg 300w, https:\/\/decoland.es\/wp-content\/uploads\/2021\/07\/bolso-perro-1024x1024.jpg 1024w, https:\/\/decoland.es\/wp-content\/uploads\/2021\/07\/bolso-perro-150x150.jpg 150w, https:\/\/decoland.es\/wp-content\/uploads\/2021\/07\/bolso-perro-768x768.jpg 768w, https:\/\/decoland.es\/wp-content\/uploads\/2021\/07\/bolso-perro-100x100.jpg 100w, https:\/\/decoland.es\/wp-content\/uploads\/2021\/07\/bolso-perro-937x937.jpg 937w, https:\/\/decoland.es\/wp-content\/uploads\/2021\/07\/bolso-perro.jpg 1080w\" sizes=\"(max-width: 350px) 100vw, 350px\" \/><\/a><\/p>\n<p>Mit der <strong>Tragetasche f\u00fcr Hunde<\/strong> von Decoland k\u00f6nnen Sie Ihren Hund, Ihre Katze oder Ihr kleines Haustier bequem und sicher \u00fcberall hin mitnehmen.<\/p>\n<p>Mit den <strong>Aquaclean-Stoffen<\/strong> k\u00f6nnen Sie Flecken, die durch den t\u00e4glichen Gebrauch entstanden sind, schnell entfernen. Mit einem sauberen Tuch und Wasser verschwinden sie vor Ihren Augen! Dar\u00fcber hinaus enth\u00e4lt diese Hundetasche eine Safe Front-Behandlung, die den Stoff vor Bakterien und Milben sch\u00fctzt, damit Ihr Haustier jederzeit gesch\u00fctzt ist.<\/p>\n<p>Das schlichte Design und die neutralen Farben machen unsere Tasche f\u00fcr Haustiere<strong> einfach zu kombinieren und sehr bequem zu tragen<\/strong>. Zudem verf\u00fcgt sie \u00fcber einen Sicherheitsverschluss, der verhindert, dass Ihr Hund oder Ihre Katze aus der Tasche entwischt, so dass Unf\u00e4lle vermieden werden.<\/p>\n<p style=\"text-align: left;\"><a href=\"https:\/\/decoland.es\/wp-content\/uploads\/2021\/07\/bolso-para-perros.jpg\" target=\"_blank\" rel=\"noopener\"><img decoding=\"async\" class=\" wp-image-814 alignright\" src=\"https:\/\/decoland.es\/wp-content\/uploads\/2021\/07\/bolso-para-perros-300x190.jpg\" alt=\"bolso viaje para perro\" width=\"358\" height=\"227\" srcset=\"https:\/\/decoland.es\/wp-content\/uploads\/2021\/07\/bolso-para-perros-300x190.jpg 300w, https:\/\/decoland.es\/wp-content\/uploads\/2021\/07\/bolso-para-perros-1024x649.jpg 1024w, https:\/\/decoland.es\/wp-content\/uploads\/2021\/07\/bolso-para-perros-768x486.jpg 768w, https:\/\/decoland.es\/wp-content\/uploads\/2021\/07\/bolso-para-perros-1536x973.jpg 1536w, https:\/\/decoland.es\/wp-content\/uploads\/2021\/07\/bolso-para-perros-937x594.jpg 937w, https:\/\/decoland.es\/wp-content\/uploads\/2021\/07\/bolso-para-perros.jpg 1705w\" sizes=\"(max-width: 358px) 100vw, 358px\" \/><\/a><\/p>\n<p>Diese Tasche f\u00fcr Hundespazierg\u00e4nge ist aus speziell f\u00fcr Haustiere entworfenen Stoffen hergestellt, ist strapazierf\u00e4hig und ben\u00f6tigt wenig Pflege. Haare und Schmutz lassen sich problemlos entfernen. Mehr \u00fcber unsere Stoffe f\u00fcr Haustiere k\u00f6nnen Sie unter <a href=\"https:\/\/www.aquaclean.com\/es-es\/fabrics-for-pets\" target=\"_blank\" rel=\"noopener\"><strong>diesem Link<\/strong><\/a> lesen.<\/p>\n<p>Werfen Sie einen Blick auf unsere Kollektion f\u00fcr Erholung, wie z. B. unser\u00a0<a href=\"https:\/\/camasperro.de\/produkt\/bettchen-fuer-mittelgrosse-hunde-komfort\/\" target=\"_blank\" rel=\"noopener\"><strong>Bettchen f\u00fcr kleine und mittelgro\u00dfe Hunde<\/strong><\/a>, damit sich Ihr Hund optimal ausruhen und seine Batterien f\u00fcr weitere Abenteuer aufladen kann.<\/p>\n<p>&nbsp;<\/p>\n","protected":false},"excerpt":{"rendered":"<p>Mit unserer <strong>Tragetasche f\u00fcr Hunde<\/strong> werden Sie Ihr Haustier nie wieder zu Hause lassen m\u00fcssen.<\/p>\n<p>Hergestellt mit <strong>schmutzabweisenden Aquaclean-Stoffen <\/strong>und<strong> Safe Front-Behandlung gegen Bakterien und Milben<\/strong>, damit Ihr Hund gesund bleibt. Diese Stoffe erm\u00f6glichen es, Flecken durch einfaches Abwischen mit Wasser zu entfernen, und erleichtern auch die Entfernung von Haaren, da sie sich nicht im Stoff festsetzen k\u00f6nnen.<\/p>\n<p>&nbsp;<\/p>\n","protected":false},"featured_media":1457,"comment_status":"open","ping_status":"closed","template":"","meta":[],"product_brand":[],"product_cat":[],"product_tag":[163,162,159,161,160],"class_list":{"0":"post-1781","1":"product","2":"type-product","3":"status-publish","4":"has-post-thumbnail","6":"product_tag-haustier-reisekollektion","7":"product_tag-hundespaziergangstasche","8":"product_tag-hundetragetasche","9":"product_tag-kleine-hundetransportbox","10":"product_tag-tragetasche-fur-haustiere","12":"first","13":"instock","14":"sale","15":"taxable","16":"shipping-taxable","17":"purchasable","18":"product-type-variable","19":"has-default-attributes","20":"layout-style-1","21":"col-md-4 col-sm-4 col-xs-6","22":"col-lg-4","23":"product-has-gallery","24":"product-style-default"},"_links":{"self":[{"href":"https:\/\/decoland.es\/de\/wp-json\/wp\/v2\/product\/1781","targetHints":{"allow":["GET"]}}],"collection":[{"href":"https:\/\/decoland.es\/de\/wp-json\/wp\/v2\/product"}],"about":[{"href":"https:\/\/decoland.es\/de\/wp-json\/wp\/v2\/types\/product"}],"replies":[{"embeddable":true,"href":"https:\/\/decoland.es\/de\/wp-json\/wp\/v2\/comments?post=1781"}],"wp:featuredmedia":[{"embeddable":true,"href":"https:\/\/decoland.es\/de\/wp-json\/wp\/v2\/media\/1457"}],"wp:attachment":[{"href":"https:\/\/decoland.es\/de\/wp-json\/wp\/v2\/media?parent=1781"}],"wp:term":[{"taxonomy":"product_brand","embeddable":true,"href":"https:\/\/decoland.es\/de\/wp-json\/wp\/v2\/product_brand?post=1781"},{"taxonomy":"product_cat","embeddable":true,"href":"https:\/\/decoland.es\/de\/wp-json\/wp\/v2\/product_cat?post=1781"},{"taxonomy":"product_tag","embeddable":true,"href":"https:\/\/decoland.es\/de\/wp-json\/wp\/v2\/product_tag?post=1781"}],"curies":[{"name":"wp","href":"https:\/\/api.w.org\/{rel}","templated":true}]}}