{"id":1784,"date":"2021-07-19T07:35:35","date_gmt":"2021-07-19T05:35:35","guid":{"rendered":"https:\/\/decoland.es\/product\/faltbare-hundematte\/"},"modified":"2024-07-09T17:18:42","modified_gmt":"2024-07-09T15:18:42","slug":"faltbare-hundematte","status":"publish","type":"product","link":"https:\/\/decoland.es\/de\/produkt\/faltbare-hundematte\/","title":{"rendered":"Faltbare Hundematte"},"content":{"rendered":"<h2 style=\"text-align: left;\">Faltbare Hundematte, perfekt f\u00fcr Reisen, zum Schutz Ihres Autos oder Ihres Sofas<\/h2>\n<p style=\"text-align: left;\"><a href=\"https:\/\/decoland.es\/wp-content\/uploads\/2021\/07\/colchoneta-perro-plegable-Decoland-Aquaclean.jpg\" target=\"_blank\" rel=\"noopener\"><img fetchpriority=\"high\" decoding=\"async\" class=\" wp-image-805 alignleft\" src=\"https:\/\/decoland.es\/wp-content\/uploads\/2021\/07\/colchoneta-perro-plegable-Decoland-Aquaclean-300x300.jpg\" alt=\"colchoneta perro grande\" width=\"345\" height=\"345\" srcset=\"https:\/\/decoland.es\/wp-content\/uploads\/2021\/07\/colchoneta-perro-plegable-Decoland-Aquaclean-300x300.jpg 300w, https:\/\/decoland.es\/wp-content\/uploads\/2021\/07\/colchoneta-perro-plegable-Decoland-Aquaclean-1024x1024.jpg 1024w, https:\/\/decoland.es\/wp-content\/uploads\/2021\/07\/colchoneta-perro-plegable-Decoland-Aquaclean-150x150.jpg 150w, https:\/\/decoland.es\/wp-content\/uploads\/2021\/07\/colchoneta-perro-plegable-Decoland-Aquaclean-768x768.jpg 768w, https:\/\/decoland.es\/wp-content\/uploads\/2021\/07\/colchoneta-perro-plegable-Decoland-Aquaclean-100x100.jpg 100w, https:\/\/decoland.es\/wp-content\/uploads\/2021\/07\/colchoneta-perro-plegable-Decoland-Aquaclean-937x937.jpg 937w, https:\/\/decoland.es\/wp-content\/uploads\/2021\/07\/colchoneta-perro-plegable-Decoland-Aquaclean.jpg 1080w\" sizes=\"(max-width: 345px) 100vw, 345px\" \/><\/a><\/p>\n<p>Unsere <strong>faltbare Hundematte von Decoland<\/strong> ist das Must-have f\u00fcr Reisen mit Ihrem Hund. Dank ihres kompakten Designs, das sich leicht zusammenfalten und transportieren l\u00e4sst, k\u00f6nnen Sie die Matte \u00fcberallhin mitnehmen, so dass sich Ihr Haustier in jedem Teil des Hauses, auf jedem Ausflug oder im Auto wohlf\u00fchlt.<\/p>\n<p>Dieses faltbare Hundebett ist mit <strong>Aquaclean-Stoffen<\/strong> hergestellt. Diese Stoffe erm\u00f6glichen es Ihnen, Flecken ganz einfach mit einem Tuch und Wasser zu entfernen, was zu Ihrer Zufriedenheit und zur Haltbarkeit des Produkts beitr\u00e4gt. Sie enthalten eine <strong>Safe Front<\/strong>-Behandlung, die Ihr Haustier vor Bakterien und Milben sch\u00fctzt.<\/p>\n<p>Au\u00dferdem k\u00f6nnen Sie die Haare Ihres Haustieres leicht entfernen, da diese Stoffe verhindern, dass Haare zwischen ihre Fasern gelangen, sodass sie problemlos mit einer B\u00fcrste oder einer Kleberolle entfernt werden k\u00f6nnen. Mehr \u00fcber unsere Stoffe f\u00fcr Haustiere k\u00f6nnen Sie unter <a href=\"https:\/\/www.aquaclean.com\/es-es\/fabrics-for-pets\" target=\"_blank\" rel=\"noopener\"><strong>diesem Link<\/strong><\/a> lesen.<\/p>\n<p style=\"text-align: left;\"><a href=\"https:\/\/decoland.es\/wp-content\/uploads\/2021\/07\/protector-sofa-perro-1.jpg\" target=\"_blank\" rel=\"noopener\"><img decoding=\"async\" class=\" wp-image-809 alignright\" src=\"https:\/\/decoland.es\/wp-content\/uploads\/2021\/07\/protector-sofa-perro-1-200x300.jpg\" alt=\"protector para sofa perro\" width=\"351\" height=\"527\" srcset=\"https:\/\/decoland.es\/wp-content\/uploads\/2021\/07\/protector-sofa-perro-1-200x300.jpg 200w, https:\/\/decoland.es\/wp-content\/uploads\/2021\/07\/protector-sofa-perro-1-683x1024.jpg 683w, https:\/\/decoland.es\/wp-content\/uploads\/2021\/07\/protector-sofa-perro-1-768x1152.jpg 768w, https:\/\/decoland.es\/wp-content\/uploads\/2021\/07\/protector-sofa-perro-1-1024x1536.jpg 1024w, https:\/\/decoland.es\/wp-content\/uploads\/2021\/07\/protector-sofa-perro-1-937x1406.jpg 937w, https:\/\/decoland.es\/wp-content\/uploads\/2021\/07\/protector-sofa-perro-1.jpg 1080w\" sizes=\"(max-width: 351px) 100vw, 351px\" \/><\/a><\/p>\n<p>Die Polsterung dieser Hundematte besteht aus<strong> 100% hochwertigem Polyester<\/strong>, damit sie sich im Laufe der Zeit nicht verformt. Ihre Gr\u00f6\u00dfe ist perfekt, um den Kofferraum Ihres Autos f\u00fcr eine Reise auszulegen oder um Ihren Hund auf Ihrem Sofa zu platzieren, ohne Angst zu haben, es zu besch\u00e4digen.<\/p>\n<p>Die Unterseite unserer faltbaren Hundematte ist rutschfest, um m\u00f6gliche Unf\u00e4lle w\u00e4hrend der Benutzung zu vermeiden, und hat Riemen, um sie f\u00fcr einen einfachen Transport zusammenzulegen.<\/p>\n<p>Vervollst\u00e4ndigen Sie Ihre Reiseausr\u00fcstung f\u00fcr Hunde mit unserer\u00a0<a href=\"https:\/\/camasperro.de\/produkt\/tragetasche-fuer-hunde\/\" target=\"_blank\" rel=\"noopener\"><strong>kleinen Tragetasche f\u00fcr Haustiere<\/strong><\/a>, damit Sie Ihren Hund oder Ihre Katze auf jeden Ausflug mitnehmen k\u00f6nnen.<\/p>\n","protected":false},"excerpt":{"rendered":"<p><strong>Faltbare Hundematte von Decoland<\/strong>, damit Sie Ihr Haustier bequem auf Ihre Reisen oder in jede Ecke Ihres Hauses mitnehmen k\u00f6nnen.<\/p>\n<p>Mit<strong> schmutzabweisenden Aquaclean-Stoffen<\/strong> und <strong>Safe Front-Behandlung<\/strong> gegen Bakterien und Milben.<\/p>\n<p>Nehmen Sie Ihr Haustier mit auf eine Reise, sch\u00fctzen Sie Ihr Sofa oder den Kofferraum Ihres Autos und erm\u00f6glichen Sie es Ihrem Hund, sich \u00fcberall wohl und gesch\u00fctzt zu f\u00fchlen.<\/p>\n","protected":false},"featured_media":1451,"comment_status":"open","ping_status":"closed","template":"","meta":[],"product_brand":[],"product_cat":[142],"product_tag":[155,148,149,150,147,151],"class_list":{"0":"post-1784","1":"product","2":"type-product","3":"status-publish","4":"has-post-thumbnail","6":"product_cat-uncategorized-de","7":"product_tag-faltbares-hundebett","8":"product_tag-hundebett","9":"product_tag-hundematratze","10":"product_tag-hundematte","11":"product_tag-ruhe-fur-haustiere","12":"product_tag-tragbares-hundebett","14":"first","15":"instock","16":"sale","17":"taxable","18":"shipping-taxable","19":"purchasable","20":"product-type-variable","21":"has-default-attributes","22":"layout-style-1","23":"col-md-4 col-sm-4 col-xs-6","24":"col-lg-4","25":"product-has-gallery","26":"product-style-default"},"_links":{"self":[{"href":"https:\/\/decoland.es\/de\/wp-json\/wp\/v2\/product\/1784","targetHints":{"allow":["GET"]}}],"collection":[{"href":"https:\/\/decoland.es\/de\/wp-json\/wp\/v2\/product"}],"about":[{"href":"https:\/\/decoland.es\/de\/wp-json\/wp\/v2\/types\/product"}],"replies":[{"embeddable":true,"href":"https:\/\/decoland.es\/de\/wp-json\/wp\/v2\/comments?post=1784"}],"wp:featuredmedia":[{"embeddable":true,"href":"https:\/\/decoland.es\/de\/wp-json\/wp\/v2\/media\/1451"}],"wp:attachment":[{"href":"https:\/\/decoland.es\/de\/wp-json\/wp\/v2\/media?parent=1784"}],"wp:term":[{"taxonomy":"product_brand","embeddable":true,"href":"https:\/\/decoland.es\/de\/wp-json\/wp\/v2\/product_brand?post=1784"},{"taxonomy":"product_cat","embeddable":true,"href":"https:\/\/decoland.es\/de\/wp-json\/wp\/v2\/product_cat?post=1784"},{"taxonomy":"product_tag","embeddable":true,"href":"https:\/\/decoland.es\/de\/wp-json\/wp\/v2\/product_tag?post=1784"}],"curies":[{"name":"wp","href":"https:\/\/api.w.org\/{rel}","templated":true}]}}